{"id":7960,"date":"2023-09-16T19:44:11","date_gmt":"2023-09-16T17:44:11","guid":{"rendered":"http:\/\/sentradewestafrica.com\/?page_id=7960"},"modified":"2023-09-17T06:11:58","modified_gmt":"2023-09-17T04:11:58","slug":"services","status":"publish","type":"page","link":"https:\/\/sentradewestafrica.com\/index.php\/services\/","title":{"rendered":"Services"},"content":{"rendered":"\t\t<div data-elementor-type=\"wp-page\" data-elementor-id=\"7960\" class=\"elementor elementor-7960\">\n\t\t\t\t\t\t\t<div class=\"elementor-element elementor-element-3104479 e-flex e-con-boxed e-con e-parent\" data-id=\"3104479\" data-element_type=\"container\" data-settings=\"{&quot;content_width&quot;:&quot;boxed&quot;}\" data-core-v316-plus=\"true\">\n\t\t\t\t\t<div class=\"e-con-inner\">\n\t\t<div class=\"elementor-element elementor-element-7fec3d4 e-con-full e-flex e-con e-child\" data-id=\"7fec3d4\" data-element_type=\"container\" data-settings=\"{&quot;content_width&quot;:&quot;full&quot;}\">\n\t\t\t\t<div class=\"elementor-element elementor-element-52ce8a0 elementor-widget elementor-widget-image\" data-id=\"52ce8a0\" data-element_type=\"widget\" data-widget_type=\"image.default\">\n\t\t\t\t<div class=\"elementor-widget-container\">\n\t\t\t<style>\/*! elementor - v3.16.0 - 14-09-2023 *\/\n.elementor-widget-image{text-align:center}.elementor-widget-image a{display:inline-block}.elementor-widget-image a img[src$=\".svg\"]{width:48px}.elementor-widget-image img{vertical-align:middle;display:inline-block}<\/style>\t\t\t\t\t\t\t\t\t\t\t\t<img decoding=\"async\" width=\"600\" height=\"600\" src=\"https:\/\/sentradewestafrica.com\/wp-content\/uploads\/2023\/09\/S6.jpg\" class=\"attachment-large size-large wp-image-8034\" alt=\"\" srcset=\"https:\/\/sentradewestafrica.com\/wp-content\/uploads\/2023\/09\/S6.jpg 600w, https:\/\/sentradewestafrica.com\/wp-content\/uploads\/2023\/09\/S6-300x300.jpg 300w, https:\/\/sentradewestafrica.com\/wp-content\/uploads\/2023\/09\/S6-150x150.jpg 150w\" sizes=\"(max-width: 600px) 100vw, 600px\" \/>\t\t\t\t\t\t\t\t\t\t\t\t\t\t\t<\/div>\n\t\t\t\t<\/div>\n\t\t\t\t<div class=\"elementor-element elementor-element-ecfd084 elementor-widget elementor-widget-ct_title\" data-id=\"ecfd084\" data-element_type=\"widget\" data-widget_type=\"ct_title.default\">\n\t\t\t\t<div class=\"elementor-widget-container\">\n\t\t\t<div class=\"ct-title1 style1\">\r\n    <h3>\r\n    \t\t        <span>Organisation \u00e9v\u00e8nements<\/span>\r\n\t        <i><\/i>\r\n\t        <\/h3>\r\n<\/div>\t\t<\/div>\n\t\t\t\t<\/div>\n\t\t\t\t<\/div>\n\t\t<div class=\"elementor-element elementor-element-a39e45d e-con-full e-flex e-con e-child\" data-id=\"a39e45d\" data-element_type=\"container\" data-settings=\"{&quot;content_width&quot;:&quot;full&quot;}\">\n\t\t\t\t<div class=\"elementor-element elementor-element-e161d61 elementor-widget elementor-widget-image\" data-id=\"e161d61\" data-element_type=\"widget\" data-widget_type=\"image.default\">\n\t\t\t\t<div class=\"elementor-widget-container\">\n\t\t\t\t\t\t\t\t\t\t\t\t\t\t\t<img decoding=\"async\" width=\"600\" height=\"600\" src=\"https:\/\/sentradewestafrica.com\/wp-content\/uploads\/2023\/09\/S5.jpg\" class=\"attachment-large size-large wp-image-8035\" alt=\"\" srcset=\"https:\/\/sentradewestafrica.com\/wp-content\/uploads\/2023\/09\/S5.jpg 600w, https:\/\/sentradewestafrica.com\/wp-content\/uploads\/2023\/09\/S5-300x300.jpg 300w, https:\/\/sentradewestafrica.com\/wp-content\/uploads\/2023\/09\/S5-150x150.jpg 150w\" sizes=\"(max-width: 600px) 100vw, 600px\" \/>\t\t\t\t\t\t\t\t\t\t\t\t\t\t\t<\/div>\n\t\t\t\t<\/div>\n\t\t\t\t<div class=\"elementor-element elementor-element-3a83f37 elementor-widget elementor-widget-ct_title\" data-id=\"3a83f37\" data-element_type=\"widget\" data-widget_type=\"ct_title.default\">\n\t\t\t\t<div class=\"elementor-widget-container\">\n\t\t\t<div class=\"ct-title1 style1\">\r\n    <h3>\r\n    \t\t        <span>Interpr\u00e9tation simultan\u00e9e &amp; Traduction de documents<\/span>\r\n\t        <i><\/i>\r\n\t        <\/h3>\r\n<\/div>\t\t<\/div>\n\t\t\t\t<\/div>\n\t\t\t\t<\/div>\n\t\t<div class=\"elementor-element elementor-element-34add1d e-con-full e-flex e-con e-child\" data-id=\"34add1d\" data-element_type=\"container\" data-settings=\"{&quot;content_width&quot;:&quot;full&quot;}\">\n\t\t\t\t<div class=\"elementor-element elementor-element-0e74622 elementor-widget elementor-widget-image\" data-id=\"0e74622\" data-element_type=\"widget\" data-widget_type=\"image.default\">\n\t\t\t\t<div class=\"elementor-widget-container\">\n\t\t\t\t\t\t\t\t\t\t\t\t\t\t\t<img decoding=\"async\" width=\"600\" height=\"600\" src=\"https:\/\/sentradewestafrica.com\/wp-content\/uploads\/2023\/09\/S4.jpg\" class=\"attachment-large size-large wp-image-8036\" alt=\"\" srcset=\"https:\/\/sentradewestafrica.com\/wp-content\/uploads\/2023\/09\/S4.jpg 600w, https:\/\/sentradewestafrica.com\/wp-content\/uploads\/2023\/09\/S4-300x300.jpg 300w, https:\/\/sentradewestafrica.com\/wp-content\/uploads\/2023\/09\/S4-150x150.jpg 150w\" sizes=\"(max-width: 600px) 100vw, 600px\" \/>\t\t\t\t\t\t\t\t\t\t\t\t\t\t\t<\/div>\n\t\t\t\t<\/div>\n\t\t\t\t<div class=\"elementor-element elementor-element-88bdef3 elementor-widget elementor-widget-ct_title\" data-id=\"88bdef3\" data-element_type=\"widget\" data-widget_type=\"ct_title.default\">\n\t\t\t\t<div class=\"elementor-widget-container\">\n\t\t\t<div class=\"ct-title1 style1\">\r\n    <h3>\r\n    \t\t        <span>Stands d&#39;Expositions Modernes, \u00c9quip\u00e9s et Modulables<\/span>\r\n\t        <i><\/i>\r\n\t        <\/h3>\r\n<\/div>\t\t<\/div>\n\t\t\t\t<\/div>\n\t\t\t\t<\/div>\n\t\t\t\t\t<\/div>\n\t\t\t\t<\/div>\n\t\t<div class=\"elementor-element elementor-element-057883c e-flex e-con-boxed e-con e-parent\" data-id=\"057883c\" data-element_type=\"container\" data-settings=\"{&quot;content_width&quot;:&quot;boxed&quot;}\" data-core-v316-plus=\"true\">\n\t\t\t\t\t<div class=\"e-con-inner\">\n\t\t<div class=\"elementor-element elementor-element-ae34af8 e-con-full e-flex e-con e-child\" data-id=\"ae34af8\" data-element_type=\"container\" data-settings=\"{&quot;content_width&quot;:&quot;full&quot;}\">\n\t\t\t\t<div class=\"elementor-element elementor-element-8160da5 elementor-widget elementor-widget-image\" data-id=\"8160da5\" data-element_type=\"widget\" data-widget_type=\"image.default\">\n\t\t\t\t<div class=\"elementor-widget-container\">\n\t\t\t\t\t\t\t\t\t\t\t\t\t\t\t<img decoding=\"async\" width=\"600\" height=\"600\" src=\"https:\/\/sentradewestafrica.com\/wp-content\/uploads\/2023\/09\/S3.jpg\" class=\"attachment-large size-large wp-image-8037\" alt=\"\" srcset=\"https:\/\/sentradewestafrica.com\/wp-content\/uploads\/2023\/09\/S3.jpg 600w, https:\/\/sentradewestafrica.com\/wp-content\/uploads\/2023\/09\/S3-300x300.jpg 300w, https:\/\/sentradewestafrica.com\/wp-content\/uploads\/2023\/09\/S3-150x150.jpg 150w\" sizes=\"(max-width: 600px) 100vw, 600px\" \/>\t\t\t\t\t\t\t\t\t\t\t\t\t\t\t<\/div>\n\t\t\t\t<\/div>\n\t\t\t\t<div class=\"elementor-element elementor-element-cf376fc elementor-widget elementor-widget-ct_title\" data-id=\"cf376fc\" data-element_type=\"widget\" data-widget_type=\"ct_title.default\">\n\t\t\t\t<div class=\"elementor-widget-container\">\n\t\t\t<div class=\"ct-title1 style1\">\r\n    <h3>\r\n    \t\t        <span>H\u00f4tellerie, Restauration, Transport individuel ou collectif<\/span>\r\n\t        <i><\/i>\r\n\t        <\/h3>\r\n<\/div>\t\t<\/div>\n\t\t\t\t<\/div>\n\t\t\t\t<\/div>\n\t\t<div class=\"elementor-element elementor-element-646b725 e-con-full e-flex e-con e-child\" data-id=\"646b725\" data-element_type=\"container\" data-settings=\"{&quot;content_width&quot;:&quot;full&quot;}\">\n\t\t\t\t<div class=\"elementor-element elementor-element-4af083c elementor-widget elementor-widget-image\" data-id=\"4af083c\" data-element_type=\"widget\" data-widget_type=\"image.default\">\n\t\t\t\t<div class=\"elementor-widget-container\">\n\t\t\t\t\t\t\t\t\t\t\t\t\t\t\t<img decoding=\"async\" width=\"600\" height=\"600\" src=\"https:\/\/sentradewestafrica.com\/wp-content\/uploads\/2023\/09\/S2.jpg\" class=\"attachment-large size-large wp-image-8038\" alt=\"\" srcset=\"https:\/\/sentradewestafrica.com\/wp-content\/uploads\/2023\/09\/S2.jpg 600w, https:\/\/sentradewestafrica.com\/wp-content\/uploads\/2023\/09\/S2-300x300.jpg 300w, https:\/\/sentradewestafrica.com\/wp-content\/uploads\/2023\/09\/S2-150x150.jpg 150w\" sizes=\"(max-width: 600px) 100vw, 600px\" \/>\t\t\t\t\t\t\t\t\t\t\t\t\t\t\t<\/div>\n\t\t\t\t<\/div>\n\t\t\t\t<div class=\"elementor-element elementor-element-e766ef9 elementor-widget elementor-widget-ct_title\" data-id=\"e766ef9\" data-element_type=\"widget\" data-widget_type=\"ct_title.default\">\n\t\t\t\t<div class=\"elementor-widget-container\">\n\t\t\t<div class=\"ct-title1 style1\">\r\n    <h3>\r\n    \t\t        <span>Conception et Impression de documents, Brochures, Banderoles, Affiches, Roll-up, etc.<\/span>\r\n\t        <i><\/i>\r\n\t        <\/h3>\r\n<\/div>\t\t<\/div>\n\t\t\t\t<\/div>\n\t\t\t\t<\/div>\n\t\t<div class=\"elementor-element elementor-element-14d10d7 e-con-full e-flex e-con e-child\" data-id=\"14d10d7\" data-element_type=\"container\" data-settings=\"{&quot;content_width&quot;:&quot;full&quot;}\">\n\t\t\t\t<div class=\"elementor-element elementor-element-0f538bf elementor-widget elementor-widget-image\" data-id=\"0f538bf\" data-element_type=\"widget\" data-widget_type=\"image.default\">\n\t\t\t\t<div class=\"elementor-widget-container\">\n\t\t\t\t\t\t\t\t\t\t\t\t\t\t\t<img decoding=\"async\" width=\"600\" height=\"600\" src=\"https:\/\/sentradewestafrica.com\/wp-content\/uploads\/2023\/09\/S1.jpg\" class=\"attachment-large size-large wp-image-8039\" alt=\"\" srcset=\"https:\/\/sentradewestafrica.com\/wp-content\/uploads\/2023\/09\/S1.jpg 600w, https:\/\/sentradewestafrica.com\/wp-content\/uploads\/2023\/09\/S1-300x300.jpg 300w, https:\/\/sentradewestafrica.com\/wp-content\/uploads\/2023\/09\/S1-150x150.jpg 150w\" sizes=\"(max-width: 600px) 100vw, 600px\" \/>\t\t\t\t\t\t\t\t\t\t\t\t\t\t\t<\/div>\n\t\t\t\t<\/div>\n\t\t\t\t<div class=\"elementor-element elementor-element-b142cf5 elementor-widget elementor-widget-ct_title\" data-id=\"b142cf5\" data-element_type=\"widget\" data-widget_type=\"ct_title.default\">\n\t\t\t\t<div class=\"elementor-widget-container\">\n\t\t\t<div class=\"ct-title1 style1\">\r\n    <h3>\r\n    \t\t        <span>Plans de Communication, de Publicit\u00e9 et de Visibilit\u00e9<\/span>\r\n\t        <i><\/i>\r\n\t        <\/h3>\r\n<\/div>\t\t<\/div>\n\t\t\t\t<\/div>\n\t\t\t\t<\/div>\n\t\t\t\t\t<\/div>\n\t\t\t\t<\/div>\n\t\t\t\t\t\t\t<\/div>\n\t\t","protected":false},"excerpt":{"rendered":"<p>Organisation \u00e9v\u00e8nements Interpr\u00e9tation simultan\u00e9e &amp; Traduction de documents Stands d&#39;Expositions Modernes, \u00c9quip\u00e9s et Modulables H\u00f4tellerie, Restauration, Transport individuel ou collectif Conception et Impression de documents, Brochures, Banderoles, Affiches, Roll-up, etc. Plans de Communication, de Publicit\u00e9 et de Visibilit\u00e9<\/p>\n","protected":false},"author":1,"featured_media":0,"parent":0,"menu_order":0,"comment_status":"closed","ping_status":"closed","template":"","meta":{"footnotes":""},"class_list":["post-7960","page","type-page","status-publish","hentry"],"_links":{"self":[{"href":"https:\/\/sentradewestafrica.com\/index.php\/wp-json\/wp\/v2\/pages\/7960","targetHints":{"allow":["GET"]}}],"collection":[{"href":"https:\/\/sentradewestafrica.com\/index.php\/wp-json\/wp\/v2\/pages"}],"about":[{"href":"https:\/\/sentradewestafrica.com\/index.php\/wp-json\/wp\/v2\/types\/page"}],"author":[{"embeddable":true,"href":"https:\/\/sentradewestafrica.com\/index.php\/wp-json\/wp\/v2\/users\/1"}],"replies":[{"embeddable":true,"href":"https:\/\/sentradewestafrica.com\/index.php\/wp-json\/wp\/v2\/comments?post=7960"}],"version-history":[{"count":7,"href":"https:\/\/sentradewestafrica.com\/index.php\/wp-json\/wp\/v2\/pages\/7960\/revisions"}],"predecessor-version":[{"id":8042,"href":"https:\/\/sentradewestafrica.com\/index.php\/wp-json\/wp\/v2\/pages\/7960\/revisions\/8042"}],"wp:attachment":[{"href":"https:\/\/sentradewestafrica.com\/index.php\/wp-json\/wp\/v2\/media?parent=7960"}],"curies":[{"name":"wp","href":"https:\/\/api.w.org\/{rel}","templated":true}]}}